{"id":12,"date":"2025-04-13T16:21:15","date_gmt":"2025-04-13T14:21:15","guid":{"rendered":"http:\/\/www.mittwochsregatta-neustadt.de\/mittwochsregatta\/?page_id=12"},"modified":"2026-03-19T11:15:15","modified_gmt":"2026-03-19T10:15:15","slug":"start","status":"publish","type":"page","link":"http:\/\/www.mittwochsregatta-neustadt.de\/mittwochsregatta\/","title":{"rendered":"Start"},"content":{"rendered":"\t\t<div data-elementor-type=\"wp-page\" data-elementor-id=\"12\" class=\"elementor elementor-12\">\n\t\t\t\t<div class=\"elementor-element elementor-element-51e34d3 e-flex e-con-boxed wpr-particle-no wpr-jarallax-no wpr-parallax-no wpr-sticky-section-no e-con e-parent\" data-id=\"51e34d3\" data-element_type=\"container\">\n\t\t\t\t\t<div class=\"e-con-inner\">\n\t\t\t\t<div class=\"elementor-element elementor-element-3968079 elementor-widget__width-initial elementor-widget elementor-widget-text-editor\" data-id=\"3968079\" data-element_type=\"widget\" data-widget_type=\"text-editor.default\">\n\t\t\t\t<div class=\"elementor-widget-container\">\n\t\t\t\t\t\t\t\t\t<p>\u00a0<\/p><p><b>Liebe Seglerinnen und Segler!<\/b><u><\/u><u><\/u><\/p><p>Lust auf regelm\u00e4\u00dfiges Regattasegeln in geselliger Runde mit anschlie\u00dfendem Kl\u00f6nschnack? Dann seid Ihr bei unserer <b>w\u00f6chentlichen Mittwochsregatta<\/b> genau richtig!<u><\/u><u><\/u><\/p><p><u><\/u>\u00a0<u><\/u><\/p><p>Seit 1994 veranstalten die Segelvereine <a href=\"https:\/\/nsv-neustadt.de\/\"><b>NSV<\/b><\/a> und <a href=\"https:\/\/www.mynweb.de\/\"><b>MYN<\/b><\/a> in der Sommersaison die Mittwochsregatta in der Neust\u00e4dter Bucht.<u><\/u><u><\/u><\/p><p><b>Mitmachen kann jeder<\/b> \u2013 auch ohne Vereinszugeh\u00f6rigkeit. Gesegelt wird an <b>21 Mittwochabenden<\/b>, ganz im Zeichen des gemeinsamen Segelspa\u00dfes.<u><\/u><u><\/u><\/p><p>Im Schnitt nehmen <b>30 Schiffe pro Abend<\/b> teil, insgesamt rund 70 \u00fcber die Saison. Wer mehr als zwei Mal segelt, zahlt 15\u202f\u20ac Startgeld f\u00fcr die Saison und einmalig 15\u202f\u20ac f\u00fcr die Startnummer.<u><\/u><u><\/u><\/p><p><u><\/u>\u00a0<u><\/u><\/p><p><b>Kurs &amp; Ablauf:<\/b><u><\/u><u><\/u><\/p><p>Der Kurs f\u00fchrt immer um feste Bahnmarken. Gestartet wird nach dem <b>K\u00e4nguru-Prinzip<\/b>, d.h. mit festen Startzeiten je nach Rennwert des Bootstyps (zwischen 18:20 und 19:30 Uhr). Sieger ist, wer zuerst ins Ziel kommt \u2013 dieses Boot notiert auch die Platzierungen.<u><\/u><u><\/u><\/p><p><u><\/u>\u00a0<u><\/u><\/p><p>Nach der Regatta trifft man sich auf ein Getr\u00e4nk in der <b>NSV-Komb\u00fcse<\/b>. Dort gibt\u2019s auch eine Speisekarte. Der erste Start ist Ende April, <b>ein Einstieg ist jederzeit m\u00f6glich<\/b>.<\/p><p><u><\/u>\u00a0<u><\/u><\/p><p><b>Weitere Infos<\/b>, Startzeiten und Kursplan findet Ihr im Download-Bereich oder im NSV-Schaukasten.<u><\/u><u><\/u><\/p><p>Wer einmalig als Gast mitsegeln m\u00f6chte, kontaktiert bitte:<u><\/u><u><\/u><\/p><p><span class=\"m_-8706521329841320478apple-tab-span\">\u00a0\u00a0 <\/span>\u2022<span class=\"m_-8706521329841320478apple-tab-span\">\u00a0\u00a0\u00a0\u00a0\u00a0\u00a0 <\/span>Julian V\u00f6lter (NSV): 0173-2693602<\/p><p><span class=\"m_-8706521329841320478apple-tab-span\">\u00a0\u00a0 <\/span>\u2022<span class=\"m_-8706521329841320478apple-tab-span\">\u00a0 \u00a0 \u00a0 \u00a0<\/span>S\u00f6nke Thorm\u00e4len (NSV): 0151-55536786<\/p><p><span class=\"m_-8706521329841320478apple-tab-span\">\u00a0\u00a0 <\/span>\u2022<span class=\"m_-8706521329841320478apple-tab-span\">\u00a0\u00a0\u00a0\u00a0\u00a0\u00a0 <\/span>Carsten Schwering (MYN): 04102-455267<u><\/u><u><\/u><\/p><p><span class=\"m_-8706521329841320478apple-tab-span\">\u00a0\u00a0 <\/span>\u2022<span class=\"m_-8706521329841320478apple-tab-span\">\u00a0\u00a0\u00a0\u00a0\u00a0\u00a0 Sonja K\u00fchnau (NSV): 0160-8416548<\/span><\/p><p><u><\/u>\u00a0<u><\/u><\/p><p><b>Kontakt:<\/b> <a href=\"mailto:mittwochsregatta@nsv-neustadt.de\" target=\"_blank\" rel=\"noopener\">mittwochsregatta@nsv-neustadt.<wbr \/>de<\/a><u><\/u><u><\/u><\/p><p><b>Willkommen an Bord \u2013 wir freuen uns auf Euch!<\/b><\/p>\t\t\t\t\t\t\t\t<\/div>\n\t\t\t\t<\/div>\n\t\t\t\t\t<\/div>\n\t\t\t\t<\/div>\n\t\t<div class=\"elementor-element elementor-element-9b58b23 e-flex e-con-boxed wpr-particle-no wpr-jarallax-no wpr-parallax-no wpr-sticky-section-no e-con e-parent\" data-id=\"9b58b23\" data-element_type=\"container\">\n\t\t\t\t\t<div class=\"e-con-inner\">\n\t\t\t\t\t<\/div>\n\t\t\t\t<\/div>\n\t\t\t\t<\/div>\n\t\t","protected":false},"excerpt":{"rendered":"<p>\u00a0 Liebe Seglerinnen und Segler! Lust auf regelm\u00e4\u00dfiges Regattasegeln in geselliger Runde mit anschlie\u00dfendem Kl\u00f6nschnack? Dann seid Ihr bei unserer w\u00f6chentlichen Mittwochsregatta genau richtig! \u00a0 Seit 1994 veranstalten die Segelvereine NSV und MYN in der Sommersaison die Mittwochsregatta in der Neust\u00e4dter Bucht. Mitmachen kann jeder \u2013 auch ohne Vereinszugeh\u00f6rigkeit. Gesegelt wird an 21 Mittwochabenden, ganz im Zeichen des gemeinsamen Segelspa\u00dfes. Im Schnitt nehmen 30 Schiffe pro Abend teil, insgesamt rund 70 \u00fcber die Saison. Wer mehr als zwei Mal segelt, zahlt 15\u202f\u20ac Startgeld f\u00fcr die Saison und einmalig 15\u202f\u20ac f\u00fcr die Startnummer. \u00a0 Kurs &amp; Ablauf: Der Kurs f\u00fchrt immer um feste Bahnmarken. Gestartet wird nach dem K\u00e4nguru-Prinzip, d.h. mit festen Startzeiten je nach Rennwert des Bootstyps (zwischen 18:20 und 19:30 Uhr). Sieger ist, wer zuerst ins Ziel kommt \u2013 dieses Boot notiert auch die Platzierungen. \u00a0 Nach der Regatta trifft man sich auf ein Getr\u00e4nk in der NSV-Komb\u00fcse. Dort gibt\u2019s auch eine Speisekarte. Der erste Start ist Ende April, ein Einstieg ist jederzeit m\u00f6glich. \u00a0 Weitere Infos, Startzeiten und Kursplan findet Ihr im Download-Bereich oder im NSV-Schaukasten. Wer einmalig als Gast mitsegeln m\u00f6chte, kontaktiert bitte: \u00a0\u00a0 \u2022\u00a0\u00a0\u00a0\u00a0\u00a0\u00a0 Julian V\u00f6lter (NSV): 0173-2693602 \u00a0\u00a0 \u2022\u00a0 \u00a0 \u00a0 \u00a0S\u00f6nke Thorm\u00e4len (NSV): 0151-55536786 \u00a0\u00a0 \u2022\u00a0\u00a0\u00a0\u00a0\u00a0\u00a0 Carsten Schwering (MYN): 04102-455267 \u00a0\u00a0 \u2022\u00a0\u00a0\u00a0\u00a0\u00a0\u00a0 Sonja K\u00fchnau (NSV): 0160-8416548 \u00a0 Kontakt: mittwochsregatta@nsv-neustadt.de Willkommen an Bord \u2013 wir freuen uns auf Euch!<\/p>\n","protected":false},"author":1,"featured_media":0,"parent":0,"menu_order":0,"comment_status":"closed","ping_status":"closed","template":"elementor_header_footer","meta":{"footnotes":""},"class_list":["post-12","page","type-page","status-publish","hentry"],"acf":[],"_links":{"self":[{"href":"http:\/\/www.mittwochsregatta-neustadt.de\/mittwochsregatta\/wp-json\/wp\/v2\/pages\/12","targetHints":{"allow":["GET"]}}],"collection":[{"href":"http:\/\/www.mittwochsregatta-neustadt.de\/mittwochsregatta\/wp-json\/wp\/v2\/pages"}],"about":[{"href":"http:\/\/www.mittwochsregatta-neustadt.de\/mittwochsregatta\/wp-json\/wp\/v2\/types\/page"}],"author":[{"embeddable":true,"href":"http:\/\/www.mittwochsregatta-neustadt.de\/mittwochsregatta\/wp-json\/wp\/v2\/users\/1"}],"replies":[{"embeddable":true,"href":"http:\/\/www.mittwochsregatta-neustadt.de\/mittwochsregatta\/wp-json\/wp\/v2\/comments?post=12"}],"version-history":[{"count":100,"href":"http:\/\/www.mittwochsregatta-neustadt.de\/mittwochsregatta\/wp-json\/wp\/v2\/pages\/12\/revisions"}],"predecessor-version":[{"id":1476,"href":"http:\/\/www.mittwochsregatta-neustadt.de\/mittwochsregatta\/wp-json\/wp\/v2\/pages\/12\/revisions\/1476"}],"wp:attachment":[{"href":"http:\/\/www.mittwochsregatta-neustadt.de\/mittwochsregatta\/wp-json\/wp\/v2\/media?parent=12"}],"curies":[{"name":"wp","href":"https:\/\/api.w.org\/{rel}","templated":true}]}}